{"id":71,"date":"2019-03-13T09:42:16","date_gmt":"2019-03-13T08:42:16","guid":{"rendered":"https:\/\/arendsee.info\/stadt-arendsee\/?page_id=71"},"modified":"2021-11-26T11:54:08","modified_gmt":"2021-11-26T10:54:08","slug":"impressum","status":"publish","type":"page","link":"https:\/\/arendsee.info\/stadt-arendsee\/footer\/impressum\/","title":{"rendered":"Impressum"},"content":{"rendered":"\t\t<div data-elementor-type=\"wp-post\" data-elementor-id=\"71\" class=\"elementor elementor-71\" data-elementor-post-type=\"page\">\n\t\t\t\t\t\t<section class=\"elementor-section elementor-top-section elementor-element elementor-element-f112eb2 elementor-section-boxed elementor-section-height-default elementor-section-height-default\" data-id=\"f112eb2\" data-element_type=\"section\" data-e-type=\"section\">\n\t\t\t\t\t\t<div class=\"elementor-container elementor-column-gap-default\">\n\t\t\t\t\t<div class=\"elementor-column elementor-col-100 elementor-top-column elementor-element elementor-element-fde05c0\" data-id=\"fde05c0\" data-element_type=\"column\" data-e-type=\"column\">\n\t\t\t<div class=\"elementor-widget-wrap elementor-element-populated\">\n\t\t\t\t\t\t<div class=\"elementor-element elementor-element-b001c97 elementor-widget elementor-widget-html\" data-id=\"b001c97\" data-element_type=\"widget\" data-e-type=\"widget\" data-widget_type=\"html.default\">\n\t\t\t\t<div class=\"elementor-widget-container\">\n\t\t\t\t\t<h1>Impressum<\/h1>\n\n<h2>Angaben gem\u00e4\u00df \u00a7 5 TMG<\/h2>\n<p>B\u00fcrgermeister Hr. Norman Klebe<br \/>\nStadt Arendsee (Altmark)<br \/>\nAm Markt 3<br \/>\n39619 Arendsee (Altmark)<\/p>\n\n<h2>Kontakt<\/h2>\n<p>Telefon: 039384-9760<br \/>\nE-Mail: info@stadt-arendsee.de<\/p>\n\n<h2>Redaktionell verantwortlich<\/h2>\n<p>B\u00fcrgermeister Herr Norman Klebe<br \/>\nAm Markt 3<br \/>\n39619 Arendsee (Altmark)<\/p>\n\n<h2>EU-Streitschlichtung<\/h2>\n<p>Die Europ\u00e4ische Kommission stellt eine Plattform zur Online-Streitbeilegung (OS) bereit: <a href=\"https:\/\/ec.europa.eu\/consumers\/odr\/\" target=\"_blank\" rel=\"noopener noreferrer\">https:\/\/ec.europa.eu\/consumers\/odr\/<\/a>.<br \/> Unsere E-Mail-Adresse finden Sie oben im Impressum.<\/p>\n\n<h2>Verbraucher\u00adstreit\u00adbeilegung\/Universal\u00adschlichtungs\u00adstelle<\/h2>\n<p>Wir sind nicht bereit oder verpflichtet, an Streitbeilegungsverfahren vor einer Verbraucherschlichtungsstelle teilzunehmen.<\/p>\n\n\t\t\t\t<\/div>\n\t\t\t\t<\/div>\n\t\t\t\t<div class=\"elementor-element elementor-element-d353a8b elementor-widget elementor-widget-spacer\" data-id=\"d353a8b\" data-element_type=\"widget\" data-e-type=\"widget\" data-widget_type=\"spacer.default\">\n\t\t\t\t<div class=\"elementor-widget-container\">\n\t\t\t\t\t\t\t<div class=\"elementor-spacer\">\n\t\t\t<div class=\"elementor-spacer-inner\"><\/div>\n\t\t<\/div>\n\t\t\t\t\t\t<\/div>\n\t\t\t\t<\/div>\n\t\t\t\t\t<\/div>\n\t\t<\/div>\n\t\t\t\t\t<\/div>\n\t\t<\/section>\n\t\t\t\t<section class=\"elementor-section elementor-top-section elementor-element elementor-element-f657699 elementor-section-boxed elementor-section-height-default elementor-section-height-default\" data-id=\"f657699\" data-element_type=\"section\" data-e-type=\"section\">\n\t\t\t\t\t\t<div class=\"elementor-container elementor-column-gap-default\">\n\t\t\t\t\t<div class=\"elementor-column elementor-col-100 elementor-top-column elementor-element elementor-element-c2f5e18\" data-id=\"c2f5e18\" data-element_type=\"column\" data-e-type=\"column\">\n\t\t\t<div class=\"elementor-widget-wrap elementor-element-populated\">\n\t\t\t\t\t\t<div class=\"elementor-element elementor-element-4f3274f elementor-widget elementor-widget-text-editor\" data-id=\"4f3274f\" data-element_type=\"widget\" data-e-type=\"widget\" data-widget_type=\"text-editor.default\">\n\t\t\t\t<div class=\"elementor-widget-container\">\n\t\t\t\t\t\t\t\t\t<p>Soweit nicht anders angegeben:<br \/>\u00a9 Stadt Arendsee &amp; \u00a9 Jugendfilmcamp (Norman Schenk)\u00a0<\/p><p>Perlenprinzessin Emely Taschschingkong, Christian Ziems (Volksstimme)<\/p><p>1. Small movie theater, Mr. Music <a href=\"https:\/\/stock.adobe.com\/de\/images\/small-movie-theater\/225395390\">#225395390<\/a><\/p><p>2. Music School for Girls on the violin, alipko #<a href=\"https:\/\/stock.adobe.com\/de\/images\/music-school-for-girls-on-the-violin\/132862742\">132862742<\/a><\/p><p>3. Solidarity unite people hands together community teamwork. Hands of spirit team working together outdoor. Unity strong handshake with people or agreement of feeling or happy diverse education action, tonjung #<a href=\"https:\/\/stock.adobe.com\/de\/images\/solidarity-unite-people-hands-together-community-teamwork-hands-of-spirit-team-working-together-outdoor-unity-strong-handshake-with-people-or-agreement-of-feeling-or-happy-diverse-education-action\/414825842\">414825842<\/a><\/p><p>4. People Going to the Polls, Ingo Bartussek #<a href=\"https:\/\/stock.adobe.com\/de\/images\/people-going-to-the-polls\/164151615\">164151615<\/a><\/p><p>5. businesswoman with documents, Syda Productions #<a href=\"https:\/\/stock.adobe.com\/de\/images\/businesswoman-with-documents\/116875841\">116875841<\/a><\/p><p>6. Pile de dossiers de travail sur un bureau, hcast #<a href=\"https:\/\/stock.adobe.com\/de\/images\/pile-de-dossiers-de-travail-sur-un-bureau\/259389893\">259389893<\/a><br \/>7. The man is standing near the rack in the office and scrolls through the folder with the documents., Ivan Traimak #<a href=\"https:\/\/stock.adobe.com\/de\/images\/the-man-is-standing-near-the-rack-in-the-office-and-scrolls-through-the-folder-with-the-documents\/205670668\">205670668<\/a><br \/>8. Offene T\u00fcr mit gro\u00dfer B\u00fcroetage, peterschreiber.media #<a href=\"https:\/\/stock.adobe.com\/de\/images\/offene-tur-mit-grosser-buroetage\/210036296\">210036296<\/a><br \/>9. education. Back to school concept. rocket cut from paper and painted over blackboard background. top view, flat lay. Banner, tomertu #<a href=\"https:\/\/stock.adobe.com\/de\/images\/education-back-to-school-concept-rocket-cut-from-paper-and-painted-over-blackboard-background-top-view-flat-lay-banner\/277061069\">277061069<\/a><br \/>10. Gruppe Kinder beim Tauziehen, Robert Kneschke #<a href=\"https:\/\/stock.adobe.com\/de\/images\/gruppe-kinder-beim-tauziehen\/118746105\">118746105<\/a><br \/>11. Young children enjoying in the playroom, Rawpixel.com #<a href=\"https:\/\/stock.adobe.com\/de\/images\/young-children-enjoying-in-the-playroom\/442336399\">442336399<\/a><br \/>12. Relax time, janinadysk #<a href=\"https:\/\/stock.adobe.com\/de\/images\/relax-time\/79054019\">79054019<\/a><br \/>13. Conference and Presentation. Audience at the conference hall. Business and Entrepreneurship. Faculty lecture and workshop. Audience in the lecture hall. Academic education. Participants making notes, kasto #<a href=\"https:\/\/stock.adobe.com\/de\/images\/conference-and-presentation-audience-at-the-conference-hall-business-and-entrepreneurship-faculty-lecture-and-workshop-audience-in-the-lecture-hall-academic-education-participants-making-notes\/259710506\">259710506<\/a><br \/>14. Deutsche Gesetze, hell, Ingo Bartussek #<a href=\"https:\/\/stock.adobe.com\/de\/images\/deutsche-gesetze-hell\/177279458\">177279458<\/a><br \/>15. Hands holding crumpled paper, bulb, glass and plastic bottles, tin can isolated on white background. Copy space for text. Recycling, reuse, garbage disposal, resources environment and ecology concept, Magryt #<a href=\"https:\/\/stock.adobe.com\/de\/images\/hands-holding-crumpled-paper-bulb-glass-and-plastic-bottles-tin-can-isolated-on-white-background-copyspace-for-text-recycling-reuse-garbage-disposal-resources-environment-and-ecology-concept\/204915121\">204915121<\/a><br \/>16.Businesswoman or picking or hanging up handset, Gajus #<a href=\"https:\/\/stock.adobe.com\/de\/images\/businesswoman-or-picking-or-hanging-up-handset\/226416327\">226416327<\/a><br \/>17. Business woman signing contract, making a deal, REDPIXEL #<a href=\"https:\/\/stock.adobe.com\/de\/images\/business-woman-signing-contract-making-a-deal\/288347155\">288347155<\/a><\/p><p>18. Junge fr\u00f6hliche frau am telefon, pictworks #<a href=\"https:\/\/stock.adobe.com\/de\/images\/junge-frohliche-frau-am-telefon\/152685935\">152685935<\/a><\/p><p>19. Close up of calendar , Planner and organizer to plan and reminder daily appointment, meeting agenda, schedule, timetable, and management, event , holiday , A Stockphoto #<a href=\"https:\/\/stock.adobe.com\/de\/images\/close-up-of-calendar-planner-and-organizer-to-plan-and-reminder-daily-appointment-meeting-agenda-schedule-timetable-and-management-event-holiday\/445691885\">445691885<\/a><\/p><p>20. Architects or engineering team consulting and analyzing working on objects tools and construction drawings inspection planning new architectural project on blueprint and model house in modern office, Thitiphat #<a href=\"https:\/\/stock.adobe.com\/de\/images\/architects-or-engineering-team-consulting-and-analyzing-working-on-objects-tools-and-construction-drawings-inspection-planning-new-architectural-project-on-blueprint-and-model-house-in-modern-office\/461044834\">461044834<\/a><\/p><p>21. businessman with newspaper checking business news from smartphone, Panumas #<a href=\"https:\/\/stock.adobe.com\/de\/images\/businessman-with-newspaper-checking-business-news-from-smartphone\/161123931\">161123931<\/a><\/p><p>22. Group of people waiting in line for job interview or office workers waiting for boss&#8217;s invitation, Studio Romantic #<a href=\"https:\/\/stock.adobe.com\/de\/images\/group-of-people-waiting-in-line-for-job-interview-or-office-workers-waiting-for-boss-s-invitation\/379289426\">379289426<\/a><\/p><p>23. Projet de construction d&#8217;une maison individuelle d&#8217;architecte, Chlorophyle #<a href=\"https:\/\/stock.adobe.com\/de\/images\/projet-de-construction-d-une-maison-individuelle-d-architecte\/259297076\">259297076<\/a><\/p><p>24. Old vinyl records, selective focus and toned image. Retro styled image of a collection of old vinyl records, Tatiana #<a href=\"https:\/\/stock.adobe.com\/de\/images\/old-vinyl-records-selective-focus-and-toned-image-retro-styled-image-of-a-collection-of-old-vinyl-records\/258659166\">258659166<\/a><\/p>\t\t\t\t\t\t\t\t<\/div>\n\t\t\t\t<\/div>\n\t\t\t\t\t<\/div>\n\t\t<\/div>\n\t\t\t\t\t<\/div>\n\t\t<\/section>\n\t\t\t\t<\/div>\n\t\t","protected":false},"excerpt":{"rendered":"<p>Impressum Angaben gem\u00e4\u00df \u00a7 5 TMG B\u00fcrgermeister Hr. Norman Klebe Stadt Arendsee (Altmark) Am Markt 3 39619 Arendsee (Altmark) Kontakt Telefon: 039384-9760 E-Mail: info@stadt-arendsee.de Redaktionell verantwortlich B\u00fcrgermeister Herr Norman Klebe Am Markt 3 39619 Arendsee (Altmark) EU-Streitschlichtung Die Europ\u00e4ische Kommission stellt eine Plattform zur Online-Streitbeilegung (OS) bereit: https:\/\/ec.europa.eu\/consumers\/odr\/. Unsere E-Mail-Adresse finden Sie oben im Impressum.&hellip;<\/p>\n","protected":false},"author":1,"featured_media":1541,"parent":962,"menu_order":0,"comment_status":"closed","ping_status":"closed","template":"","meta":{"footnotes":""},"class_list":["post-71","page","type-page","status-publish","has-post-thumbnail","hentry"],"yoast_head":"<!-- This site is optimized with the Yoast SEO plugin v27.4 - https:\/\/yoast.com\/product\/yoast-seo-wordpress\/ -->\n<title>Impressum - Stadt Arendsee<\/title>\n<meta name=\"robots\" content=\"index, follow, max-snippet:-1, max-image-preview:large, max-video-preview:-1\" \/>\n<link rel=\"canonical\" href=\"https:\/\/arendsee.info\/stadt-arendsee\/footer\/impressum\/\" \/>\n<meta property=\"og:locale\" content=\"de_DE\" \/>\n<meta property=\"og:type\" content=\"article\" \/>\n<meta property=\"og:title\" content=\"Impressum - Stadt Arendsee\" \/>\n<meta property=\"og:description\" content=\"Impressum Angaben gem\u00e4\u00df \u00a7 5 TMG B\u00fcrgermeister Hr. Norman Klebe Stadt Arendsee (Altmark) Am Markt 3 39619 Arendsee (Altmark) Kontakt Telefon: 039384-9760 E-Mail: info@stadt-arendsee.de Redaktionell verantwortlich B\u00fcrgermeister Herr Norman Klebe Am Markt 3 39619 Arendsee (Altmark) EU-Streitschlichtung Die Europ\u00e4ische Kommission stellt eine Plattform zur Online-Streitbeilegung (OS) bereit: https:\/\/ec.europa.eu\/consumers\/odr\/. Unsere E-Mail-Adresse finden Sie oben im Impressum.&hellip;\" \/>\n<meta property=\"og:url\" content=\"https:\/\/arendsee.info\/stadt-arendsee\/footer\/impressum\/\" \/>\n<meta property=\"og:site_name\" content=\"Stadt Arendsee\" \/>\n<meta property=\"article:modified_time\" content=\"2021-11-26T10:54:08+00:00\" \/>\n<meta property=\"og:image\" content=\"https:\/\/arendsee.info\/stadt-arendsee\/wp-content\/uploads\/sites\/3\/2021\/11\/Footer_Impressum.png\" \/>\n\t<meta property=\"og:image:width\" content=\"1364\" \/>\n\t<meta property=\"og:image:height\" content=\"600\" \/>\n\t<meta property=\"og:image:type\" content=\"image\/png\" \/>\n<meta name=\"twitter:card\" content=\"summary_large_image\" \/>\n<meta name=\"twitter:label1\" content=\"Gesch\u00e4tzte Lesezeit\" \/>\n\t<meta name=\"twitter:data1\" content=\"3\u00a0Minuten\" \/>\n<script type=\"application\/ld+json\" class=\"yoast-schema-graph\">{\"@context\":\"https:\\\/\\\/schema.org\",\"@graph\":[{\"@type\":\"WebPage\",\"@id\":\"https:\\\/\\\/arendsee.info\\\/stadt-arendsee\\\/footer\\\/impressum\\\/\",\"url\":\"https:\\\/\\\/arendsee.info\\\/stadt-arendsee\\\/footer\\\/impressum\\\/\",\"name\":\"Impressum - Stadt Arendsee\",\"isPartOf\":{\"@id\":\"https:\\\/\\\/arendsee.info\\\/stadt-arendsee\\\/#website\"},\"primaryImageOfPage\":{\"@id\":\"https:\\\/\\\/arendsee.info\\\/stadt-arendsee\\\/footer\\\/impressum\\\/#primaryimage\"},\"image\":{\"@id\":\"https:\\\/\\\/arendsee.info\\\/stadt-arendsee\\\/footer\\\/impressum\\\/#primaryimage\"},\"thumbnailUrl\":\"https:\\\/\\\/arendsee.info\\\/stadt-arendsee\\\/wp-content\\\/uploads\\\/sites\\\/3\\\/2021\\\/11\\\/Footer_Impressum.png\",\"datePublished\":\"2019-03-13T08:42:16+00:00\",\"dateModified\":\"2021-11-26T10:54:08+00:00\",\"breadcrumb\":{\"@id\":\"https:\\\/\\\/arendsee.info\\\/stadt-arendsee\\\/footer\\\/impressum\\\/#breadcrumb\"},\"inLanguage\":\"de\",\"potentialAction\":[{\"@type\":\"ReadAction\",\"target\":[\"https:\\\/\\\/arendsee.info\\\/stadt-arendsee\\\/footer\\\/impressum\\\/\"]}]},{\"@type\":\"ImageObject\",\"inLanguage\":\"de\",\"@id\":\"https:\\\/\\\/arendsee.info\\\/stadt-arendsee\\\/footer\\\/impressum\\\/#primaryimage\",\"url\":\"https:\\\/\\\/arendsee.info\\\/stadt-arendsee\\\/wp-content\\\/uploads\\\/sites\\\/3\\\/2021\\\/11\\\/Footer_Impressum.png\",\"contentUrl\":\"https:\\\/\\\/arendsee.info\\\/stadt-arendsee\\\/wp-content\\\/uploads\\\/sites\\\/3\\\/2021\\\/11\\\/Footer_Impressum.png\",\"width\":1364,\"height\":600},{\"@type\":\"BreadcrumbList\",\"@id\":\"https:\\\/\\\/arendsee.info\\\/stadt-arendsee\\\/footer\\\/impressum\\\/#breadcrumb\",\"itemListElement\":[{\"@type\":\"ListItem\",\"position\":1,\"name\":\"Startseite\",\"item\":\"https:\\\/\\\/arendsee.info\\\/stadt-arendsee\\\/\"},{\"@type\":\"ListItem\",\"position\":2,\"name\":\"Footer\",\"item\":\"https:\\\/\\\/arendsee.info\\\/stadt-arendsee\\\/?page_id=962\"},{\"@type\":\"ListItem\",\"position\":3,\"name\":\"Impressum\"}]},{\"@type\":\"WebSite\",\"@id\":\"https:\\\/\\\/arendsee.info\\\/stadt-arendsee\\\/#website\",\"url\":\"https:\\\/\\\/arendsee.info\\\/stadt-arendsee\\\/\",\"name\":\"Stadt Arendsee\",\"description\":\"Eine weitere Arendsee Websites Website\",\"publisher\":{\"@id\":\"https:\\\/\\\/arendsee.info\\\/stadt-arendsee\\\/#organization\"},\"potentialAction\":[{\"@type\":\"SearchAction\",\"target\":{\"@type\":\"EntryPoint\",\"urlTemplate\":\"https:\\\/\\\/arendsee.info\\\/stadt-arendsee\\\/?s={search_term_string}\"},\"query-input\":{\"@type\":\"PropertyValueSpecification\",\"valueRequired\":true,\"valueName\":\"search_term_string\"}}],\"inLanguage\":\"de\"},{\"@type\":\"Organization\",\"@id\":\"https:\\\/\\\/arendsee.info\\\/stadt-arendsee\\\/#organization\",\"name\":\"Stadt Arendsee\",\"url\":\"https:\\\/\\\/arendsee.info\\\/stadt-arendsee\\\/\",\"logo\":{\"@type\":\"ImageObject\",\"inLanguage\":\"de\",\"@id\":\"https:\\\/\\\/arendsee.info\\\/stadt-arendsee\\\/#\\\/schema\\\/logo\\\/image\\\/\",\"url\":\"https:\\\/\\\/arendsee.info\\\/stadt-arendsee\\\/wp-content\\\/uploads\\\/sites\\\/3\\\/2021\\\/10\\\/RZ_Stadt_Arendsee_Logo_210715_Original.png\",\"contentUrl\":\"https:\\\/\\\/arendsee.info\\\/stadt-arendsee\\\/wp-content\\\/uploads\\\/sites\\\/3\\\/2021\\\/10\\\/RZ_Stadt_Arendsee_Logo_210715_Original.png\",\"width\":1336,\"height\":850,\"caption\":\"Stadt Arendsee\"},\"image\":{\"@id\":\"https:\\\/\\\/arendsee.info\\\/stadt-arendsee\\\/#\\\/schema\\\/logo\\\/image\\\/\"}}]}<\/script>\n<!-- \/ Yoast SEO plugin. -->","yoast_head_json":{"title":"Impressum - Stadt Arendsee","robots":{"index":"index","follow":"follow","max-snippet":"max-snippet:-1","max-image-preview":"max-image-preview:large","max-video-preview":"max-video-preview:-1"},"canonical":"https:\/\/arendsee.info\/stadt-arendsee\/footer\/impressum\/","og_locale":"de_DE","og_type":"article","og_title":"Impressum - Stadt Arendsee","og_description":"Impressum Angaben gem\u00e4\u00df \u00a7 5 TMG B\u00fcrgermeister Hr. Norman Klebe Stadt Arendsee (Altmark) Am Markt 3 39619 Arendsee (Altmark) Kontakt Telefon: 039384-9760 E-Mail: info@stadt-arendsee.de Redaktionell verantwortlich B\u00fcrgermeister Herr Norman Klebe Am Markt 3 39619 Arendsee (Altmark) EU-Streitschlichtung Die Europ\u00e4ische Kommission stellt eine Plattform zur Online-Streitbeilegung (OS) bereit: https:\/\/ec.europa.eu\/consumers\/odr\/. Unsere E-Mail-Adresse finden Sie oben im Impressum.&hellip;","og_url":"https:\/\/arendsee.info\/stadt-arendsee\/footer\/impressum\/","og_site_name":"Stadt Arendsee","article_modified_time":"2021-11-26T10:54:08+00:00","og_image":[{"width":1364,"height":600,"url":"https:\/\/arendsee.info\/stadt-arendsee\/wp-content\/uploads\/sites\/3\/2021\/11\/Footer_Impressum.png","type":"image\/png"}],"twitter_card":"summary_large_image","twitter_misc":{"Gesch\u00e4tzte Lesezeit":"3\u00a0Minuten"},"schema":{"@context":"https:\/\/schema.org","@graph":[{"@type":"WebPage","@id":"https:\/\/arendsee.info\/stadt-arendsee\/footer\/impressum\/","url":"https:\/\/arendsee.info\/stadt-arendsee\/footer\/impressum\/","name":"Impressum - Stadt Arendsee","isPartOf":{"@id":"https:\/\/arendsee.info\/stadt-arendsee\/#website"},"primaryImageOfPage":{"@id":"https:\/\/arendsee.info\/stadt-arendsee\/footer\/impressum\/#primaryimage"},"image":{"@id":"https:\/\/arendsee.info\/stadt-arendsee\/footer\/impressum\/#primaryimage"},"thumbnailUrl":"https:\/\/arendsee.info\/stadt-arendsee\/wp-content\/uploads\/sites\/3\/2021\/11\/Footer_Impressum.png","datePublished":"2019-03-13T08:42:16+00:00","dateModified":"2021-11-26T10:54:08+00:00","breadcrumb":{"@id":"https:\/\/arendsee.info\/stadt-arendsee\/footer\/impressum\/#breadcrumb"},"inLanguage":"de","potentialAction":[{"@type":"ReadAction","target":["https:\/\/arendsee.info\/stadt-arendsee\/footer\/impressum\/"]}]},{"@type":"ImageObject","inLanguage":"de","@id":"https:\/\/arendsee.info\/stadt-arendsee\/footer\/impressum\/#primaryimage","url":"https:\/\/arendsee.info\/stadt-arendsee\/wp-content\/uploads\/sites\/3\/2021\/11\/Footer_Impressum.png","contentUrl":"https:\/\/arendsee.info\/stadt-arendsee\/wp-content\/uploads\/sites\/3\/2021\/11\/Footer_Impressum.png","width":1364,"height":600},{"@type":"BreadcrumbList","@id":"https:\/\/arendsee.info\/stadt-arendsee\/footer\/impressum\/#breadcrumb","itemListElement":[{"@type":"ListItem","position":1,"name":"Startseite","item":"https:\/\/arendsee.info\/stadt-arendsee\/"},{"@type":"ListItem","position":2,"name":"Footer","item":"https:\/\/arendsee.info\/stadt-arendsee\/?page_id=962"},{"@type":"ListItem","position":3,"name":"Impressum"}]},{"@type":"WebSite","@id":"https:\/\/arendsee.info\/stadt-arendsee\/#website","url":"https:\/\/arendsee.info\/stadt-arendsee\/","name":"Stadt Arendsee","description":"Eine weitere Arendsee Websites Website","publisher":{"@id":"https:\/\/arendsee.info\/stadt-arendsee\/#organization"},"potentialAction":[{"@type":"SearchAction","target":{"@type":"EntryPoint","urlTemplate":"https:\/\/arendsee.info\/stadt-arendsee\/?s={search_term_string}"},"query-input":{"@type":"PropertyValueSpecification","valueRequired":true,"valueName":"search_term_string"}}],"inLanguage":"de"},{"@type":"Organization","@id":"https:\/\/arendsee.info\/stadt-arendsee\/#organization","name":"Stadt Arendsee","url":"https:\/\/arendsee.info\/stadt-arendsee\/","logo":{"@type":"ImageObject","inLanguage":"de","@id":"https:\/\/arendsee.info\/stadt-arendsee\/#\/schema\/logo\/image\/","url":"https:\/\/arendsee.info\/stadt-arendsee\/wp-content\/uploads\/sites\/3\/2021\/10\/RZ_Stadt_Arendsee_Logo_210715_Original.png","contentUrl":"https:\/\/arendsee.info\/stadt-arendsee\/wp-content\/uploads\/sites\/3\/2021\/10\/RZ_Stadt_Arendsee_Logo_210715_Original.png","width":1336,"height":850,"caption":"Stadt Arendsee"},"image":{"@id":"https:\/\/arendsee.info\/stadt-arendsee\/#\/schema\/logo\/image\/"}}]}},"_links":{"self":[{"href":"https:\/\/arendsee.info\/stadt-arendsee\/wp-json\/wp\/v2\/pages\/71","targetHints":{"allow":["GET"]}}],"collection":[{"href":"https:\/\/arendsee.info\/stadt-arendsee\/wp-json\/wp\/v2\/pages"}],"about":[{"href":"https:\/\/arendsee.info\/stadt-arendsee\/wp-json\/wp\/v2\/types\/page"}],"author":[{"embeddable":true,"href":"https:\/\/arendsee.info\/stadt-arendsee\/wp-json\/wp\/v2\/users\/1"}],"replies":[{"embeddable":true,"href":"https:\/\/arendsee.info\/stadt-arendsee\/wp-json\/wp\/v2\/comments?post=71"}],"version-history":[{"count":0,"href":"https:\/\/arendsee.info\/stadt-arendsee\/wp-json\/wp\/v2\/pages\/71\/revisions"}],"up":[{"embeddable":true,"href":"https:\/\/arendsee.info\/stadt-arendsee\/wp-json\/wp\/v2\/pages\/962"}],"wp:featuredmedia":[{"embeddable":true,"href":"https:\/\/arendsee.info\/stadt-arendsee\/wp-json\/wp\/v2\/media\/1541"}],"wp:attachment":[{"href":"https:\/\/arendsee.info\/stadt-arendsee\/wp-json\/wp\/v2\/media?parent=71"}],"curies":[{"name":"wp","href":"https:\/\/api.w.org\/{rel}","templated":true}]}}